{"id":3078,"date":"2024-01-27T14:05:33","date_gmt":"2024-01-27T13:05:33","guid":{"rendered":"https:\/\/www.amalurreko.com\/?page_id=3078"},"modified":"2024-02-02T21:32:20","modified_gmt":"2024-02-02T20:32:20","slug":"jasangarritasuna","status":"publish","type":"page","link":"https:\/\/www.amalurreko.com\/eu\/jasangarritasuna\/","title":{"rendered":"Jasangarritasuna"},"content":{"rendered":"<p>[et_pb_section fb_built=&#8221;1&#8243; inner_shadow=&#8221;on&#8221; admin_label=&#8221;Header&#8221; _builder_version=&#8221;4.21.0&#8243; _module_preset=&#8221;default&#8221; background_enable_color=&#8221;off&#8221; use_background_color_gradient=&#8221;on&#8221; background_color_gradient_type=&#8221;circular&#8221; background_color_gradient_stops=&#8221;rgba(0,0,0,0.66) 0%|rgba(0,0,0,0.04) 100%&#8221; background_color_gradient_overlays_image=&#8221;on&#8221; background_image=&#8221;https:\/\/www.amalurreko.com\/wp-content\/uploads\/atallu.jpg&#8221; background_position=&#8221;bottom_center&#8221; background_enable_video_mp4=&#8221;off&#8221; min_height=&#8221;267.7px&#8221; custom_margin=&#8221;||69px||false|false&#8221; custom_padding=&#8221;0vw||0vw||false|false&#8221; top_divider_height=&#8221;30px&#8221; bottom_divider_height=&#8221;30px&#8221; bottom_divider_arrangement=&#8221;above_content&#8221; bottom_divider_height_tablet=&#8221;98px&#8221; bottom_divider_height_phone=&#8221;87px&#8221; bottom_divider_height_last_edited=&#8221;off|desktop&#8221; border_width_all=&#8221;10px&#8221; border_color_all=&#8221;#FFFFFF&#8221; global_colors_info=&#8221;{}&#8221;][et_pb_row _builder_version=&#8221;4.21.0&#8243; _module_preset=&#8221;default&#8221; custom_padding=&#8221;97px|||||&#8221; global_colors_info=&#8221;{}&#8221;][et_pb_column type=&#8221;4_4&#8243; _builder_version=&#8221;4.20.4&#8243; _module_preset=&#8221;default&#8221; global_colors_info=&#8221;{}&#8221;][et_pb_icon font_icon=&#8221;&#xf1b8;||fa||900&#8243; icon_color=&#8221;#FFFFFF&#8221; align_tablet=&#8221;center&#8221; align_phone=&#8221;center&#8221; align_last_edited=&#8221;on|phone&#8221; _builder_version=&#8221;4.24.0&#8243; _module_preset=&#8221;default&#8221; global_colors_info=&#8221;{}&#8221;][\/et_pb_icon][et_pb_post_title meta=&#8221;off&#8221; featured_image=&#8221;off&#8221; _builder_version=&#8221;4.24.0&#8243; _module_preset=&#8221;default&#8221; title_text_align=&#8221;center&#8221; title_text_color=&#8221;#FFFFFF&#8221; title_font_size=&#8221;60px&#8221; transform_scale_tablet=&#8221;&#8221; transform_scale_phone=&#8221;&#8221; transform_scale_last_edited=&#8221;on|tablet&#8221; transform_translate_tablet=&#8221;0px|0px&#8221; transform_translate_phone=&#8221;0px|0px&#8221; transform_translate_last_edited=&#8221;on|desktop&#8221; transform_rotate_tablet=&#8221;&#8221; transform_rotate_phone=&#8221;&#8221; transform_rotate_last_edited=&#8221;on|tablet&#8221; transform_skew_tablet=&#8221;&#8221; transform_skew_phone=&#8221;&#8221; transform_skew_last_edited=&#8221;on|tablet&#8221; transform_origin_tablet=&#8221;&#8221; transform_origin_phone=&#8221;&#8221; transform_origin_last_edited=&#8221;on|tablet&#8221; transform_styles_last_edited=&#8221;on|desktop&#8221; custom_margin=&#8221;||||false|false&#8221; custom_margin_tablet=&#8221;|||0px|false|false&#8221; custom_margin_phone=&#8221;|||0px|false|false&#8221; custom_margin_last_edited=&#8221;on|phone&#8221; title_text_align_tablet=&#8221;center&#8221; title_text_align_phone=&#8221;center&#8221; title_text_align_last_edited=&#8221;on|tablet&#8221; title_font_size_tablet=&#8221;60px&#8221; title_font_size_phone=&#8221;45px&#8221; title_font_size_last_edited=&#8221;on|phone&#8221; transform_styles_tablet=&#8221;&#8221; transform_styles_phone=&#8221;&#8221; global_colors_info=&#8221;{}&#8221;][\/et_pb_post_title][\/et_pb_column][\/et_pb_row][\/et_pb_section][et_pb_section fb_built=&#8221;1&#8243; admin_label=&#8221;Categories&#8221; _builder_version=&#8221;4.20.4&#8243; _module_preset=&#8221;default&#8221; custom_margin=&#8221;-69px||||false|false&#8221; custom_padding=&#8221;0px||0px||false|false&#8221; global_colors_info=&#8221;{}&#8221;][et_pb_row column_structure=&#8221;1_2,1_2&#8243; _builder_version=&#8221;4.21.0&#8243; _module_preset=&#8221;default&#8221; custom_margin=&#8221;||||false|false&#8221; custom_padding=&#8221;||50px||false|false&#8221; border_style_bottom=&#8221;dotted&#8221; global_colors_info=&#8221;{}&#8221;][et_pb_column type=&#8221;1_2&#8243; _builder_version=&#8221;4.20.4&#8243; _module_preset=&#8221;default&#8221; global_colors_info=&#8221;{}&#8221;][et_pb_blurb title=&#8221;Erregai fosilen kontsumo gutxiago&#8221; image=&#8221;https:\/\/www.amalurreko.com\/wp-content\/uploads\/Menos-consumo-combustibles-fosiles-1.png&#8221; alt=&#8221;Material berrerabilgarriak edo biodegradagarriak&#8221; image_icon_width=&#8221;200%&#8221; admin_label=&#8221;imagen  y titulo. Menos consumo de combustibles f\u00f3siles:&#8221; _builder_version=&#8221;4.24.0&#8243; _module_preset=&#8221;default&#8221; header_level=&#8221;h2&#8243; header_font=&#8221;|||on|||||&#8221; header_text_align=&#8221;center&#8221; custom_margin=&#8221;||-5px||false|false&#8221; border_radii=&#8221;off|500px|500px||&#8221; global_colors_info=&#8221;{}&#8221;][\/et_pb_blurb][et_pb_toggle title=&#8221;Ibilgailuak ahalik eta gutxien erabiltzeko esperientziak gomendatzen ditugu, eta jendea naturan gehiago ibiltzera animatzea sustatzen dugu.&#8221; use_icon_font_size=&#8221;on&#8221; icon_font_size=&#8221;25px&#8221; admin_label=&#8221;Menos consumo de combustibles f\u00f3siles&#8221; _builder_version=&#8221;4.24.0&#8243; _module_preset=&#8221;default&#8221; title_level=&#8221;h3&#8243; title_text_align=&#8221;center&#8221; title_font_size=&#8221;18px&#8221; background_color=&#8221;RGBA(255,255,255,0)&#8221; border_width_all=&#8221;0px&#8221; border_width_bottom=&#8221;1px&#8221; global_colors_info=&#8221;{}&#8221;]<\/p>\n<p>Batez ere taloak, piknika eta janari erreserbak bezalako esperientzietan.<br \/>Hainbat ibilbide gomendatzen ditugu Araitz haranetik ibiliz, eta ibilbide turistikoen botoiaren bidez eskura daitezke.<br \/><a href=\"https:\/\/www.amalurreko.com\/turismo-ohiturak \/\">https:\/\/www.amalurreko.com\/turismo-ohiturak \/<\/a><br \/>Gure etxeko sukaldari zerbitzuak ere autoa alde batera uzten laguntzen digu, sukaldaria baita gure etxe, elkarte edo landetxera hurbiltzen dena. Horrela gidatzeaz ahazten gara.<\/p>\n<p>[\/et_pb_toggle][\/et_pb_column][et_pb_column type=&#8221;1_2&#8243; _builder_version=&#8221;4.20.4&#8243; _module_preset=&#8221;default&#8221; global_colors_info=&#8221;{}&#8221;][et_pb_blurb title=&#8221;Material berrerabilgarriak edo biodegradagarriak&#8221; image=&#8221;https:\/\/www.amalurreko.com\/wp-content\/uploads\/Materiales-reutilizables-o-biodegradables-e1706359548761.webp&#8221; alt=&#8221;Material berrerabilgarriak edo biodegradagarriak&#8221; admin_label=&#8221;imagen  y titulo. Materiales reutilizables o biodegradables&#8221; _builder_version=&#8221;4.24.0&#8243; _module_preset=&#8221;default&#8221; header_level=&#8221;h2&#8243; header_font=&#8221;|||on|||||&#8221; header_text_align=&#8221;center&#8221; custom_margin=&#8221;||-5px||false|false&#8221; border_radii=&#8221;off|500px|500px||&#8221; global_colors_info=&#8221;{}&#8221;][\/et_pb_blurb][et_pb_toggle title=&#8221;Elikagaiak kontsumitzeko eta garraiatzeko erabiltzen ditugun materialak berrerabilgarriak edo biodegradagarriak dira. &#8221; use_icon_font_size=&#8221;on&#8221; icon_font_size=&#8221;25px&#8221; admin_label=&#8221;Materiales reutilizables o biodegradables&#8221; _builder_version=&#8221;4.24.0&#8243; _module_preset=&#8221;default&#8221; title_level=&#8221;h3&#8243; title_text_align=&#8221;center&#8221; title_font_size=&#8221;18px&#8221; background_color=&#8221;RGBA(255,255,255,0)&#8221; border_width_all=&#8221;0px&#8221; border_width_bottom=&#8221;1px&#8221; global_colors_info=&#8221;{}&#8221;]<\/p>\n<p>Horrela, gure inguruan ahalik eta inpakturik txikiena sortzen dugu, eta elementu berrerabilgarriak erabiltzen saiatzen gara, hala nola beirazko poteak edo botilak, edo material biodegradagarrien elikagaiak garraiatzeko ontziak. Horrela, ahalik eta zabor gutxien sortzen dugu, eta ahalik eta plastiko gutxien kontsumitzen dugu.producimos el m\u00ednimo de basura posible y conseguimos consumir el m\u00ednimo pl\u00e1stico posible.<\/p>\n<p>[\/et_pb_toggle][\/et_pb_column][\/et_pb_row][et_pb_row column_structure=&#8221;1_2,1_2&#8243; _builder_version=&#8221;4.21.0&#8243; _module_preset=&#8221;default&#8221; custom_margin=&#8221;||||false|false&#8221; custom_padding=&#8221;||50px||false|false&#8221; border_style_bottom=&#8221;dotted&#8221; global_colors_info=&#8221;{}&#8221;][et_pb_column type=&#8221;1_2&#8243; _builder_version=&#8221;4.20.4&#8243; _module_preset=&#8221;default&#8221; global_colors_info=&#8221;{}&#8221;][et_pb_blurb title=&#8221;Konposta&#8221; image=&#8221;https:\/\/www.amalurreko.com\/wp-content\/uploads\/compost.jpeg&#8221; alt=&#8221;Konposta&#8221; image_icon_width=&#8221;200%&#8221; admin_label=&#8221;imagen  y titulo. Compostaje:&#8221; _builder_version=&#8221;4.24.0&#8243; _module_preset=&#8221;default&#8221; header_level=&#8221;h2&#8243; header_font=&#8221;|||on|||||&#8221; header_text_align=&#8221;center&#8221; custom_margin=&#8221;||-5px||false|false&#8221; border_radii=&#8221;off|500px|500px||&#8221; global_colors_info=&#8221;{}&#8221;][\/et_pb_blurb][et_pb_toggle title=&#8221;Konposta ongarri natural bat da, materia organikoaren deskonposizio kontrolatutik datorrena. Horrela, % 100 naturala den ongarri organikoa sortzen da.&#8221; use_icon_font_size=&#8221;on&#8221; icon_font_size=&#8221;25px&#8221; admin_label=&#8221;Compostaje:&#8221; _builder_version=&#8221;4.24.0&#8243; _module_preset=&#8221;default&#8221; title_level=&#8221;h3&#8243; title_text_align=&#8221;center&#8221; title_font_size=&#8221;18px&#8221; background_color=&#8221;RGBA(255,255,255,0)&#8221; border_width_all=&#8221;0px&#8221; border_width_bottom=&#8221;1px&#8221; global_colors_info=&#8221;{}&#8221;]<\/p>\n<p>Elikagaien soberakinak gure konpostontzian portatuko dira, etorkizunean gure baratzean erabiltzeko; horrela, ia ez dugu hondakin organikorik sortzen. Elikagai-hondarrek ez dute zaborrik sortzen, naturan bertan birsortzen dira.<\/p>\n<p>[\/et_pb_toggle][\/et_pb_column][et_pb_column type=&#8221;1_2&#8243; _builder_version=&#8221;4.20.4&#8243; _module_preset=&#8221;default&#8221; global_colors_info=&#8221;{}&#8221;][et_pb_blurb title=&#8221;Elikagai osasungarriak eta hurbilekoak &#8221; image=&#8221;https:\/\/www.amalurreko.com\/wp-content\/uploads\/ALIMENTOS-SALUDABLES-Y-DE-CERCANIA.png&#8221; alt=&#8221;Elikagai osasungarriak eta hurbilekoak &#8221; admin_label=&#8221;imagen  y titulo. Materiales reutilizables o biodegradables&#8221; _builder_version=&#8221;4.24.0&#8243; _module_preset=&#8221;default&#8221; header_level=&#8221;h2&#8243; header_font=&#8221;|||on|||||&#8221; header_text_align=&#8221;center&#8221; custom_margin=&#8221;||-5px||false|false&#8221; border_radii=&#8221;off|500px|500px||&#8221; global_colors_info=&#8221;{}&#8221;][\/et_pb_blurb][et_pb_toggle title=&#8221;Gure menuak sasoikoak eta km-0ekoak edo ekologikoak dira.&#8221; use_icon_font_size=&#8221;on&#8221; icon_font_size=&#8221;25px&#8221; admin_label=&#8221;Materiales reutilizables o biodegradables&#8221; _builder_version=&#8221;4.24.0&#8243; _module_preset=&#8221;default&#8221; title_level=&#8221;h3&#8243; title_text_align=&#8221;center&#8221; title_font_size=&#8221;18px&#8221; background_color=&#8221;RGBA(255,255,255,0)&#8221; border_width_all=&#8221;0px&#8221; border_width_bottom=&#8221;1px&#8221; global_colors_info=&#8221;{}&#8221;]<\/p>\n<p>Horrela, gure bezeroak kontsumitzen dituzten elikagaietara hurbildu nahi ditugu. Inguruko etxalde eta baratzeetara hurbiltzen. Horrela, material hurbilagoak eta bitartekari gutxiago edo bat ere ez dutenak kontsumitzen ditugu, ekoizle txikien lanari balioa emanez.<br \/>Sasoiko menuak sortzen ditugunean, momentuko produkturik onenez gozatzen dugu. Daukaguna baloratzea eta etekin handiena ateratzea, ekonomia zirkularragoa sortuz. Gozatu inguratzen gaituenaz bere balioa emanez.<\/p>\n<p>[\/et_pb_toggle][\/et_pb_column][\/et_pb_row][\/et_pb_section]<\/p>\n","protected":false},"excerpt":{"rendered":"<p>Erregai fosilen kontsumo gutxiago. Material berrerabilgarriak edo biodegradagarriak. Elikagai osasungarriak eta hurbilekoak <\/p>\n","protected":false},"author":1,"featured_media":3098,"parent":0,"menu_order":0,"comment_status":"closed","ping_status":"closed","template":"","meta":{"_et_pb_use_builder":"on","_et_pb_old_content":"","_et_gb_content_width":"","_joinchat":[],"footnotes":""},"class_list":["post-3078","page","type-page","status-publish","has-post-thumbnail","hentry"],"_links":{"self":[{"href":"https:\/\/www.amalurreko.com\/eu\/wp-json\/wp\/v2\/pages\/3078","targetHints":{"allow":["GET"]}}],"collection":[{"href":"https:\/\/www.amalurreko.com\/eu\/wp-json\/wp\/v2\/pages"}],"about":[{"href":"https:\/\/www.amalurreko.com\/eu\/wp-json\/wp\/v2\/types\/page"}],"author":[{"embeddable":true,"href":"https:\/\/www.amalurreko.com\/eu\/wp-json\/wp\/v2\/users\/1"}],"replies":[{"embeddable":true,"href":"https:\/\/www.amalurreko.com\/eu\/wp-json\/wp\/v2\/comments?post=3078"}],"version-history":[{"count":7,"href":"https:\/\/www.amalurreko.com\/eu\/wp-json\/wp\/v2\/pages\/3078\/revisions"}],"predecessor-version":[{"id":3183,"href":"https:\/\/www.amalurreko.com\/eu\/wp-json\/wp\/v2\/pages\/3078\/revisions\/3183"}],"wp:featuredmedia":[{"embeddable":true,"href":"https:\/\/www.amalurreko.com\/eu\/wp-json\/wp\/v2\/media\/3098"}],"wp:attachment":[{"href":"https:\/\/www.amalurreko.com\/eu\/wp-json\/wp\/v2\/media?parent=3078"}],"curies":[{"name":"wp","href":"https:\/\/api.w.org\/{rel}","templated":true}]}}