{"id":1163,"date":"2023-04-22T12:29:32","date_gmt":"2023-04-22T10:29:32","guid":{"rendered":"https:\/\/www.amalurreko.com\/house-chef\/"},"modified":"2024-03-24T19:31:55","modified_gmt":"2024-03-24T18:31:55","slug":"house-chef","status":"publish","type":"page","link":"https:\/\/www.amalurreko.com\/en\/house-chef\/","title":{"rendered":"House chef"},"content":{"rendered":"<p>[et_pb_section fb_built=&#8221;1&#8243; inner_shadow=&#8221;on&#8221; admin_label=&#8221;Header&#8221; _builder_version=&#8221;4.21.0&#8243; _module_preset=&#8221;default&#8221; background_enable_color=&#8221;off&#8221; use_background_color_gradient=&#8221;on&#8221; background_color_gradient_type=&#8221;circular&#8221; background_color_gradient_stops=&#8221;rgba(0,0,0,0.66) 0%|rgba(0,0,0,0.04) 100%&#8221; background_color_gradient_overlays_image=&#8221;on&#8221; background_image=&#8221;https:\/\/www.amalurreko.com\/wp-content\/uploads\/IMG_20230310_143658-scaled.jpg&#8221; background_size=&#8221;initial&#8221; background_enable_video_mp4=&#8221;off&#8221; min_height=&#8221;267.7px&#8221; custom_margin=&#8221;||69px||false|false&#8221; custom_padding=&#8221;0vw||0vw||false|false&#8221; top_divider_height=&#8221;30px&#8221; bottom_divider_height=&#8221;30px&#8221; bottom_divider_arrangement=&#8221;above_content&#8221; bottom_divider_height_tablet=&#8221;98px&#8221; bottom_divider_height_phone=&#8221;87px&#8221; bottom_divider_height_last_edited=&#8221;off|desktop&#8221; border_width_all=&#8221;10px&#8221; border_color_all=&#8221;#FFFFFF&#8221; global_colors_info=&#8221;{}&#8221;][et_pb_row _builder_version=&#8221;4.21.0&#8243; _module_preset=&#8221;default&#8221; custom_padding=&#8221;97px|||||&#8221; global_colors_info=&#8221;{}&#8221;][et_pb_column type=&#8221;4_4&#8243; _builder_version=&#8221;4.20.4&#8243; _module_preset=&#8221;default&#8221; global_colors_info=&#8221;{}&#8221;][et_pb_icon font_icon=&#8221;&#xe074;||divi||400&#8243; icon_color=&#8221;#FFFFFF&#8221; align_tablet=&#8221;center&#8221; align_phone=&#8221;center&#8221; align_last_edited=&#8221;on|tablet&#8221; _builder_version=&#8221;4.21.0&#8243; _module_preset=&#8221;default&#8221; global_colors_info=&#8221;{}&#8221;][\/et_pb_icon][et_pb_post_title meta=&#8221;off&#8221; featured_image=&#8221;off&#8221; _builder_version=&#8221;4.21.0&#8243; _module_preset=&#8221;default&#8221; title_text_align=&#8221;center&#8221; title_text_color=&#8221;#FFFFFF&#8221; title_font_size=&#8221;60px&#8221; transform_scale_tablet=&#8221;&#8221; transform_scale_phone=&#8221;&#8221; transform_scale_last_edited=&#8221;on|tablet&#8221; transform_translate_tablet=&#8221;0px|0px&#8221; transform_translate_phone=&#8221;0px|0px&#8221; transform_translate_last_edited=&#8221;on|tablet&#8221; transform_rotate_tablet=&#8221;&#8221; transform_rotate_phone=&#8221;&#8221; transform_rotate_last_edited=&#8221;on|tablet&#8221; transform_skew_tablet=&#8221;&#8221; transform_skew_phone=&#8221;&#8221; transform_skew_last_edited=&#8221;on|tablet&#8221; transform_origin_tablet=&#8221;&#8221; transform_origin_phone=&#8221;&#8221; transform_origin_last_edited=&#8221;on|tablet&#8221; transform_styles_last_edited=&#8221;on|tablet&#8221; title_text_align_tablet=&#8221;center&#8221; title_text_align_phone=&#8221;center&#8221; title_text_align_last_edited=&#8221;on|desktop&#8221; title_font_size_tablet=&#8221;60px&#8221; title_font_size_phone=&#8221;45px&#8221; title_font_size_last_edited=&#8221;on|phone&#8221; transform_styles_tablet=&#8221;&#8221; transform_styles_phone=&#8221;&#8221; global_colors_info=&#8221;{}&#8221;][\/et_pb_post_title][\/et_pb_column][\/et_pb_row][\/et_pb_section][et_pb_section fb_built=&#8221;1&#8243; admin_label=&#8221;Categories&#8221; _builder_version=&#8221;4.20.4&#8243; _module_preset=&#8221;default&#8221; custom_margin=&#8221;-69px||||false|false&#8221; custom_padding=&#8221;0px||0px||false|false&#8221; global_colors_info=&#8221;{}&#8221;][et_pb_row _builder_version=&#8221;4.20.4&#8243; _module_preset=&#8221;default&#8221; border_width_bottom=&#8221;1px&#8221; border_style_bottom=&#8221;dotted&#8221; global_colors_info=&#8221;{}&#8221;][et_pb_column type=&#8221;4_4&#8243; _builder_version=&#8221;4.20.4&#8243; _module_preset=&#8221;default&#8221; global_colors_info=&#8221;{}&#8221;][et_pb_text _builder_version=&#8221;4.21.0&#8243; _module_preset=&#8221;default&#8221; text_font_size=&#8221;18px&#8221; header_3_font=&#8221;||||||||&#8221; header_3_text_align=&#8221;center&#8221; header_3_font_size=&#8221;35px&#8221; text_orientation=&#8221;center&#8221; global_colors_info=&#8221;{}&#8221;]<\/p>\n<p>Esta experiencia es perfecta para despreocuparse de elaboraciones y compras y as\u00ed poder disfrutar de tu tiempo.<br \/>Aprovecha para dar paseos o de tu ocio, que de la comida se encargar\u00e1 <span style=\"color: #823123;\"><strong>AMALURREKO<\/strong><\/span>.<\/p>\n<p>Nuestra sukaldari (chef) estar\u00e1 a tu disposici\u00f3n para elegir un men\u00fa de temporada que se adapte a tus gustos. Nos aseguraremos de que tu cocina esta dotada de los elementos necesarios para desarrollarlo y si no fuera as\u00ed, los proporcionaremos, iremos a tu casa 2 o 3 horas antes con todo lo necesario. Todos los productos ser\u00e1n km0 o ecol\u00f3gicos.<\/p>\n<p>Realizamos cualquier tipo de men\u00fa: vegano, vegetariano, tradicional&#8230;<br \/>Para intolerancias o alergias, consultar propuestas.<\/p>\n<p><span style=\"color: #823123;\"><strong>AMALURREKO<\/strong><\/span> se encarga de elaborar el men\u00fa y de la posterior limpieza de la cocina.<br \/>Olv\u00eddate de tener que conducir y disfruta de la comodidad que aporta estar en casa.<\/p>\n<p><strong>\u00bfQu\u00e9 incluye?<\/strong><br \/>Materiales e ingredientes<br \/>sukaldari (chef) a domicilio<br \/>Men\u00fa al gusto<br \/>Recogida y Limpieza del espacio<\/p>\n<p>[\/et_pb_text][\/et_pb_column][\/et_pb_row][et_pb_row _builder_version=&#8221;4.23.1&#8243; _module_preset=&#8221;default&#8221; global_colors_info=&#8221;{}&#8221;][et_pb_column type=&#8221;4_4&#8243; _builder_version=&#8221;4.23.1&#8243; _module_preset=&#8221;default&#8221; global_colors_info=&#8221;{}&#8221;][et_pb_shop type=&#8221;product_category&#8221; include_categories=&#8221;29&#8243; columns_number=&#8221;3&#8243; show_rating=&#8221;off&#8221; show_sale_badge=&#8221;off&#8221; _builder_version=&#8221;4.21.0&#8243; _module_preset=&#8221;default&#8221; title_font_size=&#8221;25px&#8221; border_radii_image=&#8221;off|25px||25px|25px&#8221; global_colors_info=&#8221;{}&#8221;][\/et_pb_shop][\/et_pb_column][\/et_pb_row][\/et_pb_section]<\/p>\n","protected":false},"excerpt":{"rendered":"<p>Esta experiencia es perfecta para despreocuparse de elaboraciones y compras y as\u00ed poder disfrutar de tu tiempo.Aprovecha para dar paseos o de tu ocio, que de la comida se encargar\u00e1 [&hellip;]<\/p>\n","protected":false},"author":1,"featured_media":0,"parent":0,"menu_order":0,"comment_status":"closed","ping_status":"closed","template":"","meta":{"_et_pb_use_builder":"on","_et_pb_old_content":"","_et_gb_content_width":"","_joinchat":[],"footnotes":""},"class_list":["post-1163","page","type-page","status-publish","hentry"],"_links":{"self":[{"href":"https:\/\/www.amalurreko.com\/en\/wp-json\/wp\/v2\/pages\/1163","targetHints":{"allow":["GET"]}}],"collection":[{"href":"https:\/\/www.amalurreko.com\/en\/wp-json\/wp\/v2\/pages"}],"about":[{"href":"https:\/\/www.amalurreko.com\/en\/wp-json\/wp\/v2\/types\/page"}],"author":[{"embeddable":true,"href":"https:\/\/www.amalurreko.com\/en\/wp-json\/wp\/v2\/users\/1"}],"replies":[{"embeddable":true,"href":"https:\/\/www.amalurreko.com\/en\/wp-json\/wp\/v2\/comments?post=1163"}],"version-history":[{"count":35,"href":"https:\/\/www.amalurreko.com\/en\/wp-json\/wp\/v2\/pages\/1163\/revisions"}],"predecessor-version":[{"id":3476,"href":"https:\/\/www.amalurreko.com\/en\/wp-json\/wp\/v2\/pages\/1163\/revisions\/3476"}],"wp:attachment":[{"href":"https:\/\/www.amalurreko.com\/en\/wp-json\/wp\/v2\/media?parent=1163"}],"curies":[{"name":"wp","href":"https:\/\/api.w.org\/{rel}","templated":true}]}}