{"id":1160,"date":"2022-11-17T08:45:19","date_gmt":"2022-11-17T07:45:19","guid":{"rendered":"https:\/\/www.amalurreko.com\/amalurreko\/"},"modified":"2026-02-08T18:01:04","modified_gmt":"2026-02-08T17:01:04","slug":"amalurreko","status":"publish","type":"page","link":"https:\/\/www.amalurreko.com\/en\/","title":{"rendered":"Amalurreko"},"content":{"rendered":"<p>[et_pb_section fb_built=&#8221;1&#8243; fullwidth=&#8221;on&#8221; admin_label=&#8221;deslizante fotos&#8221; _builder_version=&#8221;4.21.0&#8243; _module_preset=&#8221;default&#8221; collapsed=&#8221;off&#8221; global_colors_info=&#8221;{}&#8221;][et_pb_fullwidth_slider show_image_video_mobile=&#8221;on&#8221; admin_label=&#8221;Deslizante fotos&#8221; _builder_version=&#8221;4.27.5&#8243; _module_preset=&#8221;default&#8221; header_text_align=&#8221;left&#8221; text_orientation=&#8221;left&#8221; custom_margin=&#8221;||||false|false&#8221; custom_padding=&#8221;||||false|false&#8221; auto=&#8221;on&#8221; hover_enabled=&#8221;0&#8243; header_font_tablet=&#8221;&#8221; header_font_phone=&#8221;|600|||||||&#8221; header_font_last_edited=&#8221;on|tablet&#8221; header_text_align_tablet=&#8221;center&#8221; header_text_align_phone=&#8221;center&#8221; header_text_align_last_edited=&#8221;on|phone&#8221; header_font_size_tablet=&#8221;&#8221; header_font_size_phone=&#8221;50px&#8221; header_font_size_last_edited=&#8221;on|tablet&#8221; global_colors_info=&#8221;{}&#8221; sticky_enabled=&#8221;0&#8243;][et_pb_slide heading=&#8221;Winter activities&#8221; button_text=&#8221;Check dates and places&#8221; button_link=&#8221;https:\/\/www.amalurreko.com\/actividades\/&#8221; image=&#8221;https:\/\/www.amalurreko.com\/wp-content\/uploads\/10-2-26-1-e1768673945638.jpg&#8221; use_bg_overlay=&#8221;on&#8221; use_text_overlay=&#8221;off&#8221; image_alt=&#8221;Programming of the itinerant dining room during July, August and September 2023&#8243; heading_tablet=&#8221;Winter activities&#8221; heading_phone=&#8221;Winter activities&#8221; heading_last_edited=&#8221;on|desktop&#8221; button_text_tablet=&#8221;Check dates and places&#8221; button_text_phone=&#8221;Check dates and places&#8221; button_text_last_edited=&#8221;on|phone&#8221; image_tablet=&#8221;https:\/\/www.amalurreko.com\/wp-content\/uploads\/10-2-26-1-e1768673945638.jpg&#8221; image_phone=&#8221;https:\/\/www.amalurreko.com\/wp-content\/uploads\/10-2-26-1-e1768673945638.jpg&#8221; image_last_edited=&#8221;on|phone&#8221; content_tablet=&#8221;&#8221; content_phone=&#8221;&#8221; content_last_edited=&#8221;on|desktop&#8221; _builder_version=&#8221;4.27.5&#8243; _module_preset=&#8221;default&#8221; header_text_align=&#8221;left&#8221; background_image=&#8221;https:\/\/www.amalurreko.com\/wp-content\/uploads\/lainoa.jpg&#8221; background_enable_image=&#8221;on&#8221; button_alignment=&#8221;left&#8221; transform_scale_linked=&#8221;off&#8221; text_orientation=&#8221;left&#8221; width=&#8221;%22212%22&#8243; custom_padding=&#8221;||||false|false&#8221; hover_enabled=&#8221;0&#8243; header_text_align_tablet=&#8221;center&#8221; header_text_align_phone=&#8221;center&#8221; header_text_align_last_edited=&#8221;on|desktop&#8221; button_alignment_tablet=&#8221;center&#8221; button_alignment_phone=&#8221;center&#8221; button_alignment_last_edited=&#8221;on|desktop&#8221; border_radii_image_tablet=&#8221;&#8221; border_radii_image_phone=&#8221;&#8221; border_radii_image_last_edited=&#8221;on|desktop&#8221; global_colors_info=&#8221;{}&#8221; button_text__hover_enabled=&#8221;off|desktop&#8221; sticky_transition=&#8221;on&#8221; title_text=&#8221;10-2- 26&#8243; sticky_enabled=&#8221;0&#8243;][\/et_pb_slide][et_pb_slide heading=&#8221;Winter activities&#8221; button_text=&#8221;Check dates and places&#8221; button_link=&#8221;https:\/\/www.amalurreko.com\/actividades\/&#8221; image=&#8221;https:\/\/www.amalurreko.com\/wp-content\/uploads\/24-2-26-e1770569248514.jpg&#8221; use_bg_overlay=&#8221;on&#8221; use_text_overlay=&#8221;off&#8221; image_alt=&#8221;Programming of the itinerant dining room during July, August and September 2023&#8243; heading_tablet=&#8221;Winter activities&#8221; heading_phone=&#8221;Winter activities&#8221; heading_last_edited=&#8221;on|phone&#8221; button_text_tablet=&#8221;Check dates and places&#8221; button_text_phone=&#8221;Check dates and places&#8221; button_text_last_edited=&#8221;on|phone&#8221; image_tablet=&#8221;https:\/\/www.amalurreko.com\/wp-content\/uploads\/24-2-26-e1770569248514.jpg&#8221; image_phone=&#8221;https:\/\/www.amalurreko.com\/wp-content\/uploads\/24-2-26-e1770569248514.jpg&#8221; image_last_edited=&#8221;on|desktop&#8221; content_tablet=&#8221;&#8221; content_phone=&#8221;&#8221; content_last_edited=&#8221;on|desktop&#8221; _builder_version=&#8221;4.27.5&#8243; _module_preset=&#8221;default&#8221; header_text_align=&#8221;left&#8221; background_image=&#8221;https:\/\/www.amalurreko.com\/wp-content\/uploads\/lainoa.jpg&#8221; background_enable_image=&#8221;on&#8221; button_alignment=&#8221;left&#8221; transform_scale_linked=&#8221;off&#8221; text_orientation=&#8221;left&#8221; width=&#8221;%22212%22&#8243; custom_padding=&#8221;||||false|false&#8221; hover_enabled=&#8221;0&#8243; header_text_align_tablet=&#8221;center&#8221; header_text_align_phone=&#8221;center&#8221; header_text_align_last_edited=&#8221;on|desktop&#8221; button_alignment_tablet=&#8221;center&#8221; button_alignment_phone=&#8221;center&#8221; button_alignment_last_edited=&#8221;on|desktop&#8221; border_radii_image_tablet=&#8221;&#8221; border_radii_image_phone=&#8221;&#8221; border_radii_image_last_edited=&#8221;on|desktop&#8221; global_colors_info=&#8221;{}&#8221; button_text__hover_enabled=&#8221;off|desktop&#8221; sticky_transition=&#8221;on&#8221; title_text=&#8221;24-2- 26&#8243; sticky_enabled=&#8221;0&#8243;][\/et_pb_slide][et_pb_slide heading=&#8221;Winter activities&#8221; button_text=&#8221;Check dates and places&#8221; button_link=&#8221;https:\/\/www.amalurreko.com\/actividades\/&#8221; image=&#8221;https:\/\/www.amalurreko.com\/wp-content\/uploads\/10-3-26-e1770569228528.jpg&#8221; use_bg_overlay=&#8221;on&#8221; use_text_overlay=&#8221;off&#8221; image_alt=&#8221;Programming of the itinerant dining room during July, August and September 2023&#8243; heading_tablet=&#8221;Winter activities&#8221; heading_phone=&#8221;Winter activities&#8221; heading_last_edited=&#8221;on|desktop&#8221; button_text_tablet=&#8221;Check dates and places&#8221; button_text_phone=&#8221;Check dates and places&#8221; button_text_last_edited=&#8221;on|desktop&#8221; image_tablet=&#8221;https:\/\/www.amalurreko.com\/wp-content\/uploads\/10-3-26-e1770569228528.jpg&#8221; image_phone=&#8221;https:\/\/www.amalurreko.com\/wp-content\/uploads\/10-3-26-e1770569228528.jpg&#8221; image_last_edited=&#8221;on|phone&#8221; content_tablet=&#8221;&#8221; content_phone=&#8221;&#8221; content_last_edited=&#8221;on|tablet&#8221; _builder_version=&#8221;4.27.5&#8243; _module_preset=&#8221;default&#8221; header_text_align=&#8221;left&#8221; background_image=&#8221;https:\/\/www.amalurreko.com\/wp-content\/uploads\/800granja.jpg&#8221; background_enable_image=&#8221;on&#8221; button_alignment=&#8221;left&#8221; transform_scale_linked=&#8221;off&#8221; text_orientation=&#8221;left&#8221; custom_padding=&#8221;||||false|false&#8221; hover_enabled=&#8221;0&#8243; header_text_align_tablet=&#8221;center&#8221; header_text_align_phone=&#8221;center&#8221; header_text_align_last_edited=&#8221;on|desktop&#8221; background_last_edited=&#8221;on|phone&#8221; button_alignment_tablet=&#8221;center&#8221; button_alignment_phone=&#8221;center&#8221; button_alignment_last_edited=&#8221;on|phone&#8221; global_colors_info=&#8221;{}&#8221; sticky_transition=&#8221;on&#8221; title_text=&#8221;10-3- 26&#8243; sticky_enabled=&#8221;0&#8243;][\/et_pb_slide][\/et_pb_fullwidth_slider][\/et_pb_section][et_pb_section fb_built=&#8221;1&#8243; disabled_on=&#8221;off|off|off&#8221; admin_label=&#8221;Amalur&#8221; _builder_version=&#8221;4.21.0&#8243; _module_preset=&#8221;default&#8221; custom_padding=&#8221;0px|||||&#8221; collapsed=&#8221;on&#8221; global_colors_info=&#8221;{}&#8221;][et_pb_row disabled_on=&#8221;off|off|off&#8221; _builder_version=&#8221;4.21.0&#8243; _module_preset=&#8221;default&#8221; global_colors_info=&#8221;{}&#8221;][et_pb_column type=&#8221;4_4&#8243; _builder_version=&#8221;4.21.0&#8243; _module_preset=&#8221;default&#8221; global_colors_info=&#8221;{}&#8221;][et_pb_text disabled_on=&#8221;off|off|off&#8221; admin_label=&#8221;Descripci\u00f3n amalur&#8221; _builder_version=&#8221;4.21.0&#8243; _module_preset=&#8221;default&#8221; text_text_color=&#8221;#000000&#8243; text_font_size=&#8221;25px&#8221; text_line_height=&#8221;1em&#8221; header_text_align=&#8221;center&#8221; header_font_size=&#8221;45px&#8221; text_orientation=&#8221;center&#8221; custom_margin=&#8221;50px||||false|false&#8221; header_font_size_tablet=&#8221;45px&#8221; header_font_size_phone=&#8221;45px&#8221; header_font_size_last_edited=&#8221;on|tablet&#8221; global_colors_info=&#8221;{}&#8221;]<\/p>\n<h1><strong><span style=\"color: #572a15;\">amalurr<\/span><span style=\"color: #546918;\">eko<\/span><\/strong><\/h1>\n<p><\/p>\n<p>It is a leisure service that mixes nature and gastronomy. All with products from the Araitz Valley (Navarra) Come and enjoy the experience!<\/p>\n<p>[\/et_pb_text][\/et_pb_column][\/et_pb_row][\/et_pb_section][et_pb_section fb_built=&#8221;1&#8243; admin_label=&#8221;Servicios&#8221; _builder_version=&#8221;4.21.0&#8243; _module_preset=&#8221;default&#8221; custom_margin=&#8221;-69px||||false|false&#8221; custom_padding=&#8221;0px||0px||false|false&#8221; global_colors_info=&#8221;{}&#8221;][et_pb_row column_structure=&#8221;1_4,1_4,1_4,1_4&#8243; use_custom_gutter=&#8221;on&#8221; gutter_width=&#8221;2&#8243; make_equal=&#8221;on&#8221; _builder_version=&#8221;4.20.4&#8243; _module_preset=&#8221;default&#8221; background_color=&#8221;RGBA(255,255,255,0)&#8221; global_colors_info=&#8221;{}&#8221;][et_pb_column type=&#8221;1_4&#8243; _builder_version=&#8221;4.20.4&#8243; _module_preset=&#8221;default&#8221; background_color=&#8221;RGBA(255,255,255,0)&#8221; custom_padding=&#8221;25px|20px|25px|20px|true|true&#8221; border_radii=&#8221;on|25px|25px|25px|25px&#8221; box_shadow_style=&#8221;preset3&#8243; box_shadow_vertical=&#8221;64px&#8221; box_shadow_blur=&#8221;76px&#8221; box_shadow_spread=&#8221;-20px&#8221; box_shadow_color=&#8221;rgba(149,149,151,0.12)&#8221; global_colors_info=&#8221;{}&#8221;][et_pb_blurb title=&#8221;HOUSE CHEF&#8221; url=&#8221;@ET-DC@eyJkeW5hbWljIjp0cnVlLCJjb250ZW50IjoicG9zdF9saW5rX3VybF9wYWdlIiwic2V0dGluZ3MiOnsicG9zdF9pZCI6IjE5NCJ9fQ==@&#8221; use_icon=&#8221;on&#8221; font_icon=&#8221;&#xf015;||fa||900&#8243; admin_label=&#8221;Cocinera en casa&#8221; _builder_version=&#8221;4.21.0&#8243; _dynamic_attributes=&#8221;url,link_option_url&#8221; _module_preset=&#8221;67dc000f-939c-46f2-abcc-11d0b9995d52&#8243; header_level=&#8221;h2&#8243; header_font=&#8221;|700||on|||||&#8221; header_text_color=&#8221;#22303f&#8221; header_font_size=&#8221;22px&#8221; header_line_height=&#8221;1.3em&#8221; body_font=&#8221;||||||||&#8221; background_color=&#8221;RGBA(255,255,255,0)&#8221; text_orientation=&#8221;center&#8221; custom_margin=&#8221;25px||||false|false&#8221; animation=&#8221;off&#8221; link_option_url=&#8221;@ET-DC@eyJkeW5hbWljIjp0cnVlLCJjb250ZW50IjoicG9zdF9saW5rX3VybF9wYWdlIiwic2V0dGluZ3MiOnsicG9zdF9pZCI6IjE5NCJ9fQ==@&#8221; header_font_size_tablet=&#8221;22px&#8221; header_font_size_phone=&#8221;22px&#8221; header_font_size_last_edited=&#8221;on|phone&#8221; body_font_size_tablet=&#8221;18px&#8221; body_font_size_phone=&#8221;18px&#8221; body_font_size_last_edited=&#8221;on|phone&#8221; global_colors_info=&#8221;{}&#8221;]<\/p>\n<p>Don&#8217;t worry and enjoy your time that <strong><span style=\"color: #572a15;\">amalurr<\/span><span style=\"color: #546918;\">eko<\/span><\/strong> will take care of the food.<\/p>\n<p>[\/et_pb_blurb][\/et_pb_column][et_pb_column type=&#8221;1_4&#8243; _builder_version=&#8221;4.20.4&#8243; _module_preset=&#8221;default&#8221; background_color=&#8221;RGBA(255,255,255,0)&#8221; custom_padding=&#8221;25px|20px|25px|20px|true|true&#8221; border_radii=&#8221;on|25px|25px|25px|25px&#8221; box_shadow_style=&#8221;preset3&#8243; box_shadow_vertical=&#8221;64px&#8221; box_shadow_blur=&#8221;76px&#8221; box_shadow_spread=&#8221;-20px&#8221; box_shadow_color=&#8221;rgba(149,149,151,0.12)&#8221; global_colors_info=&#8221;{}&#8221;][et_pb_blurb title=&#8221;Tasting&#8221; url=&#8221;@ET-DC@eyJkeW5hbWljIjp0cnVlLCJjb250ZW50IjoicG9zdF9saW5rX3VybF9wYWdlIiwic2V0dGluZ3MiOnsicG9zdF9pZCI6IjIzNCJ9fQ==@&#8221; use_icon=&#8221;on&#8221; font_icon=&#8221;&#xf2e7;||fa||900&#8243; icon_color=&#8221;#546918&#8243; admin_label=&#8221;Catas&#8221; _builder_version=&#8221;4.25.1&#8243; _dynamic_attributes=&#8221;url,link_option_url&#8221; _module_preset=&#8221;67dc000f-939c-46f2-abcc-11d0b9995d52&#8243; header_level=&#8221;h2&#8243; header_font=&#8221;|700||on|||||&#8221; header_text_color=&#8221;#22303f&#8221; header_font_size=&#8221;22px&#8221; header_line_height=&#8221;1.3em&#8221; body_font=&#8221;||||||||&#8221; background_color=&#8221;RGBA(255,255,255,0)&#8221; text_orientation=&#8221;center&#8221; custom_margin=&#8221;||||false|false&#8221; custom_padding=&#8221;||||false|false&#8221; animation=&#8221;off&#8221; link_option_url=&#8221;@ET-DC@eyJkeW5hbWljIjp0cnVlLCJjb250ZW50IjoicG9zdF9saW5rX3VybF9wYWdlIiwic2V0dGluZ3MiOnsicG9zdF9pZCI6IjIzNCJ9fQ==@&#8221; header_font_size_tablet=&#8221;22px&#8221; header_font_size_phone=&#8221;22px&#8221; header_font_size_last_edited=&#8221;on|phone&#8221; body_font_size_tablet=&#8221;18px&#8221; body_font_size_phone=&#8221;18px&#8221; body_font_size_last_edited=&#8221;on|phone&#8221; global_colors_info=&#8221;{}&#8221;]<\/p>\n<p>Gastronomy through practical and fun group activities.<\/p>\n<p>[\/et_pb_blurb][\/et_pb_column][et_pb_column type=&#8221;1_4&#8243; _builder_version=&#8221;4.20.4&#8243; _module_preset=&#8221;default&#8221; background_color=&#8221;RGBA(255,255,255,0)&#8221; custom_padding=&#8221;25px|20px|25px|20px|true|true&#8221; border_radii=&#8221;on|25px|25px|25px|25px&#8221; box_shadow_style=&#8221;preset3&#8243; box_shadow_vertical=&#8221;64px&#8221; box_shadow_blur=&#8221;76px&#8221; box_shadow_spread=&#8221;-20px&#8221; box_shadow_color=&#8221;rgba(149,149,151,0.12)&#8221; global_colors_info=&#8221;{}&#8221;][et_pb_blurb title=&#8221;GASTRONOMIC ADVENTURES&#8221; url=&#8221;@ET-DC@eyJkeW5hbWljIjp0cnVlLCJjb250ZW50IjoicG9zdF9saW5rX3VybF9wYWdlIiwic2V0dGluZ3MiOnsicG9zdF9pZCI6IjI1MSJ9fQ==@&#8221; use_icon=&#8221;on&#8221; font_icon=&#8221;&#xf6ec;||fa||900&#8243; admin_label=&#8221;Aventuras gastron\u00f3micas&#8221; _builder_version=&#8221;4.21.0&#8243; _dynamic_attributes=&#8221;url,link_option_url&#8221; _module_preset=&#8221;67dc000f-939c-46f2-abcc-11d0b9995d52&#8243; header_level=&#8221;h2&#8243; header_font=&#8221;|700||on|||||&#8221; header_text_color=&#8221;#22303f&#8221; header_font_size=&#8221;22px&#8221; header_line_height=&#8221;1.3em&#8221; body_font=&#8221;||||||||&#8221; text_orientation=&#8221;center&#8221; custom_margin=&#8221;25px||||false|false&#8221; animation=&#8221;off&#8221; link_option_url=&#8221;@ET-DC@eyJkeW5hbWljIjp0cnVlLCJjb250ZW50IjoicG9zdF9saW5rX3VybF9wYWdlIiwic2V0dGluZ3MiOnsicG9zdF9pZCI6IjI1MSJ9fQ==@&#8221; header_font_size_tablet=&#8221;22px&#8221; header_font_size_phone=&#8221;22px&#8221; header_font_size_last_edited=&#8221;on|phone&#8221; body_font_size_tablet=&#8221;18px&#8221; body_font_size_phone=&#8221;18px&#8221; body_font_size_last_edited=&#8221;on|phone&#8221; global_colors_info=&#8221;{}&#8221;]<\/p>\n<p>Nature walks and\u00a0 gastronomy of Araitz.<\/p>\n<p>[\/et_pb_blurb][\/et_pb_column][et_pb_column type=&#8221;1_4&#8243; _builder_version=&#8221;4.20.4&#8243; _module_preset=&#8221;default&#8221; background_color=&#8221;RGBA(255,255,255,0)&#8221; custom_padding=&#8221;25px|20px|25px|20px|true|true&#8221; border_radii=&#8221;on|25px|25px|25px|25px&#8221; box_shadow_style=&#8221;preset3&#8243; box_shadow_vertical=&#8221;64px&#8221; box_shadow_blur=&#8221;76px&#8221; box_shadow_spread=&#8221;-20px&#8221; box_shadow_color=&#8221;rgba(149,149,151,0.12)&#8221; global_colors_info=&#8221;{}&#8221;][et_pb_blurb title=&#8221;OTHER SERVICE &#8221; url=&#8221;@ET-DC@eyJkeW5hbWljIjp0cnVlLCJjb250ZW50IjoicG9zdF9saW5rX3VybF9wYWdlIiwic2V0dGluZ3MiOnsicG9zdF9pZCI6IjI2NyJ9fQ==@&#8221; use_icon=&#8221;on&#8221; font_icon=&#8221;&#xf7d6;||fa||400&#8243; icon_color=&#8221;#546918&#8243; image_icon_width=&#8221;117px&#8221; admin_label=&#8221;otros servicios&#8221; _builder_version=&#8221;4.21.0&#8243; _dynamic_attributes=&#8221;url,link_option_url&#8221; _module_preset=&#8221;67dc000f-939c-46f2-abcc-11d0b9995d52&#8243; header_level=&#8221;h2&#8243; header_font=&#8221;|700||on|||||&#8221; header_text_color=&#8221;#22303f&#8221; header_font_size=&#8221;22px&#8221; header_line_height=&#8221;1.3em&#8221; body_font=&#8221;||||||||&#8221; text_orientation=&#8221;center&#8221; animation=&#8221;off&#8221; link_option_url=&#8221;@ET-DC@eyJkeW5hbWljIjp0cnVlLCJjb250ZW50IjoicG9zdF9saW5rX3VybF9wYWdlIiwic2V0dGluZ3MiOnsicG9zdF9pZCI6IjI2NyJ9fQ==@&#8221; header_font_size_tablet=&#8221;22px&#8221; header_font_size_phone=&#8221;22px&#8221; header_font_size_last_edited=&#8221;on|phone&#8221; body_font_size_tablet=&#8221;18px&#8221; body_font_size_phone=&#8221;18px&#8221; body_font_size_last_edited=&#8221;on|phone&#8221; global_colors_info=&#8221;{}&#8221;]<\/p>\n<p>Sukaldari (chef) for hours, special diets, food for mountaineers, dinners or meals for couples &#8230;<\/p>\n<p>[\/et_pb_blurb][\/et_pb_column][\/et_pb_row][et_pb_row admin_label=&#8221;+ description&#8221; _builder_version=&#8221;4.21.0&#8243; _module_preset=&#8221;default&#8221; global_colors_info=&#8221;{}&#8221;][et_pb_column type=&#8221;4_4&#8243; _builder_version=&#8221;4.20.4&#8243; _module_preset=&#8221;default&#8221; global_colors_info=&#8221;{}&#8221;][et_pb_text _builder_version=&#8221;4.21.0&#8243; _module_preset=&#8221;default&#8221; text_font_size=&#8221;18px&#8221; header_3_font=&#8221;||||||||&#8221; header_3_text_align=&#8221;center&#8221; header_3_font_size=&#8221;35px&#8221; text_orientation=&#8221;center&#8221; global_colors_info=&#8221;{}&#8221;]<\/p>\n<h3><strong>Enjoy the quality and nature of the Malloas de Aralar<\/strong><\/h3>\n<p><\/p>\n<p><strong><span style=\"color: #572a15;\">amallurr<\/span><span style=\"color: #546918;\">eko<\/span><\/strong> is a leisure service which combines gastronomy with nature. We would like you to enjoy a wide range of gastronomic adventures, activities and chef services. All produce is organic and\/ or Km0 seasonal products from the Araitz valley, Navarra Our kitchen chef will be with you from the very start to help you in the choice of menu and any changes for your needs and taste.\u00a0 All you need to do is enjoy the experience. Shopping, elaboration and cleaning is done by <strong><span style=\"color: #572a15;\">amallurr<\/span><span style=\"color: #546918;\">eko<\/span><\/strong>!<\/p>\n<p><\/p>\n<p>&nbsp;<\/p>\n<p>[\/et_pb_text][\/et_pb_column][\/et_pb_row][\/et_pb_section]<\/p>\n","protected":false},"excerpt":{"rendered":"<p>Leisure service that mixes nature and cuisine to enjoy culinary adventures, activities and chef services.<\/p>\n","protected":false},"author":1,"featured_media":925,"parent":0,"menu_order":0,"comment_status":"closed","ping_status":"closed","template":"","meta":{"_et_pb_use_builder":"on","_et_pb_old_content":"<!-- wp:paragraph -->\r\n<p>Esta es una p\u00e1gina de ejemplo. Es diferente a una entrada del blog porque permanecer\u00e1 en un solo lugar y aparecer\u00e1 en la navegaci\u00f3n de <\/p>\r\n<!-- \/wp:paragraph -->","_et_gb_content_width":"","_joinchat":[],"footnotes":""},"class_list":["post-1160","page","type-page","status-publish","has-post-thumbnail","hentry"],"_links":{"self":[{"href":"https:\/\/www.amalurreko.com\/en\/wp-json\/wp\/v2\/pages\/1160","targetHints":{"allow":["GET"]}}],"collection":[{"href":"https:\/\/www.amalurreko.com\/en\/wp-json\/wp\/v2\/pages"}],"about":[{"href":"https:\/\/www.amalurreko.com\/en\/wp-json\/wp\/v2\/types\/page"}],"author":[{"embeddable":true,"href":"https:\/\/www.amalurreko.com\/en\/wp-json\/wp\/v2\/users\/1"}],"replies":[{"embeddable":true,"href":"https:\/\/www.amalurreko.com\/en\/wp-json\/wp\/v2\/comments?post=1160"}],"version-history":[{"count":440,"href":"https:\/\/www.amalurreko.com\/en\/wp-json\/wp\/v2\/pages\/1160\/revisions"}],"predecessor-version":[{"id":4422,"href":"https:\/\/www.amalurreko.com\/en\/wp-json\/wp\/v2\/pages\/1160\/revisions\/4422"}],"wp:featuredmedia":[{"embeddable":true,"href":"https:\/\/www.amalurreko.com\/en\/wp-json\/wp\/v2\/media\/925"}],"wp:attachment":[{"href":"https:\/\/www.amalurreko.com\/en\/wp-json\/wp\/v2\/media?parent=1160"}],"curies":[{"name":"wp","href":"https:\/\/api.w.org\/{rel}","templated":true}]}}